{"id":8,"date":"2021-12-11T09:48:08","date_gmt":"2021-12-11T09:48:08","guid":{"rendered":"https:\/\/coworking-unterkollegen.de\/?page_id=8"},"modified":"2021-12-19T12:07:49","modified_gmt":"2021-12-19T12:07:49","slug":"das-sind-die-vorteile-wenn-es-um-einen-coworking-space-geht","status":"publish","type":"page","link":"https:\/\/coworking-unterkollegen.de\/","title":{"rendered":"Das sind die Vorteile, wenn es um einen Coworking Space geht"},"content":{"rendered":"\n<div class=\"wp-block-image is-style-rounded\"><figure class=\"aligncenter size-large\"><img decoding=\"async\" src=\"https:\/\/i.pinimg.com\/564x\/32\/14\/4e\/32144e003a6d51db5ffc15fea8eb61bb.jpg\" alt=\"\"\/><figcaption>Coworking Space<\/figcaption><\/figure><\/div>\n\n\n\n<hr class=\"wp-block-separator is-style-wide\"\/>\n\n\n\n<p>Es gibt viele nachgewiesene Vorteile von Coworking, sei es innerhalb eines Unternehmens oder in einem gemeinsamen Raum, in dem viele Unternehmer und Unternehmen zusammenkommen, um an ihren unabh\u00e4ngigen Zielen zu arbeiten. Gesch\u00e4fte werden heute ganz anders gef\u00fchrt als in den vergangenen Jahrzehnten. Der Aufstieg des Internets war ein gro\u00dfer Paradigmenwechsel, aber die Art und Weise, wie wir arbeiten und die Orte, an denen wir arbeiten, haben nicht immer Schritt gehalten. Trotz des Wandels passen sich gr\u00f6\u00dfere Firmen immer noch nur langsam an \u2013 manche wissen nicht einmal, was Coworking Spaces sind. Hier k\u00f6nnen kleinere Start-ups gl\u00e4nzen.&nbsp;<\/p>\n\n\n\n<p>Wir haben in den letzten Jahren gesehen, wie viele disruptive Technologien aus dem Start-up-Bereich hervorgegangen sind, und dies ist ein Beweis f\u00fcr ihre F\u00e4higkeit, agil, schlank und anpassungsf\u00e4hig zu sein. Ver\u00e4nderungen in der Unternehmenswelt dauern ewig, aber im Startup-Universum k\u00f6nnen die Dinge schnell gehen. Startups, Freiberufler und Heimunternehmer nutzen Coworking Spaces auf der ganzen Welt aus sehr offensichtlichen und weniger offensichtlichen Gr\u00fcnden. Lassen Sie uns einige der untersch\u00e4tzteren und bedeutendsten Vorteile von Coworking Spaces aus der Sicht eines kleinen Teams oder eines Solo-Unternehmers durchgehen.&nbsp;<\/p>\n\n\n\n<h2 class=\"wp-block-heading\">1. Trennung von Arbeit und Privatleben&nbsp;<\/h2>\n\n\n\n<p>Unternehmer sind mit vielen mentalen K\u00e4mpfen und Hindernissen konfrontiert. Wenn Sie f\u00fcr sich selbst arbeiten, ist es nicht immer einfach, konzentriert zu bleiben und Verantwortung zu \u00fcbernehmen. Wenn Sie bereits zum Aufschieben neigen und eine Menge Arbeit zu erledigen haben, aber zu Hause und bequem an demselben Computer sitzen, mit dem Sie Facebook durchsuchen und Spiele spielen, kann dies ein Rezept sein f\u00fcr eine Katastrophe. Ganz zu schweigen von anderen Ablenkungen wie Nachbarn, Familienmitgliedern, dem bellenden Hund, der nebenan wohnt\u2026 Ein separater Raum fern von zu Hause, in diesem Fall eine Coworking-Umgebung, kann dazu beitragen, Ihr Privatleben von Ihrem Arbeitsleben zu trennen und sich besser zu konzentrieren wenn es Zeit zum Arbeiten ist und einfacher zum Abschalten, wenn es Zeit zum Entspannen ist.&nbsp;<\/p>\n\n\n\n<h2 class=\"wp-block-heading\">2. Kosten senken und Flexibilit\u00e4t gewinnen&nbsp;<\/h2>\n\n\n\n<p>Neben den Mietkosten k\u00f6nnen sich die B\u00fcrokosten sehr schnell summieren. Von kleinen Dingen wie Kaffeefiltern und Druckertoner bis hin zu gr\u00f6\u00dferen Dingen wie Schreibtischen, St\u00fchlen und einer superschnellen Internetverbindung braucht es nicht viel, um Ihr Budget zu k\u00fcrzen. Zugegeben, wenn man einen Coworking Space einen ganzen Monat stundenweise anmietet, ist die Wahrscheinlichkeit gro\u00df, dass die einfache Anmietung eines privaten B\u00fcros weniger kostet, aber dabei wird einer der wichtigsten Vorteile von Coworking au\u00dfer Acht gelassen, n\u00e4mlich die Flexibilit\u00e4t. Wenn Sie f\u00fcr ein paar Monate von Ihrem Laptop aus ins Ausland reisen und arbeiten oder Ihr Gesch\u00e4ft sogar komplett umstellen m\u00f6chten, sind Sie nicht an einen langfristigen Mietvertrag gebunden. In einigen F\u00e4llen kann das kurzfristig etwas mehr kosten, aber auf lange Sicht ein Verm\u00f6gen sparen. Wenn Sie entscheiden, dass Sie die meiste Zeit lieber von zu Hause aus arbeiten, aber gelegentlich das Haus verlassen m\u00f6chten, um f\u00fcr einen Tapetenwechsel aus der Ferne zu arbeiten, ist Coworking perfekt.&nbsp;<\/p>\n\n\n\n<h3 class=\"wp-block-heading\">3. Das Netzwerk&nbsp;<\/h3>\n\n\n\n<p>W\u00e4hrend wir \u00fcber die Vorteile der Trennung Ihres Privatlebens von Ihrem Arbeitsleben gesprochen haben, wird dies n\u00e4chste ein wenig dem widersprechen. Wenn Sie st\u00e4ndig unterwegs sind, insbesondere wenn Sie von zu Hause aus arbeiten, k\u00f6nnen wichtige Dinge wie soziale Interaktion leicht vergessen werden. Sie m\u00fcssen sich aktiv anstrengen, um auszugehen, Freunde zu treffen und einfach die Welt au\u00dferhalb Ihres Computerbildschirms zu erleben. Sie k\u00f6nnen wahrscheinlich keinen Unternehmer finden, der Sozialpl\u00e4ne nicht abgelehnt hat, um zu bleiben und auf seine Ziele hinzuarbeiten. Wenn du in einem Coworking Space bist, besteht eine gute Chance, dass jeder, den du triffst, zumindest \u00e4hnliche Interessen und Richtungen in seinem Leben hat, was ein solider Eisbrecher und eine gute M\u00f6glichkeit ist, neue Freundschaften zu schlie\u00dfen und Teil eines Coworking zu sein Gemeinschaft.<\/p>\n\n\n\n<p>Um den vorherigen Punkt noch einen Schritt weiter zu gehen, geht es nicht nur darum, Leute zu treffen, mit denen man Kaffee schl\u00fcrft oder \u00fcber die Pr\u00fcfungen und Wirrungen des Unternehmertums spricht. Coworking-Umgebungen bieten auch einen perfekten Ort, um sich zu vernetzen und Gesch\u00e4ftsbeziehungen aufzubauen. Sie werden Menschen treffen, die in den Bereichen, in denen Sie Schwierigkeiten haben, hervorstechen und umgekehrt. Egal, ob Sie Gesch\u00e4ftsfreunde finden, die sich gegenseitig helfen, oder am Ende Mitarbeiter einstellen \/ zusammenarbeiten, Menschen pers\u00f6nlich treffen, ihre Arbeitsgewohnheiten aus erster Hand kennenlernen und ihnen zur Verf\u00fcgung stehen, sind entscheidende Ressourcen, die nicht in Anspruch genommen werden sollten selbstverst\u00e4ndlich. Dies kann Ihnen helfen, eine feste Gr\u00f6\u00dfe in Ihrer lokalen Start-up-Szene zu werden, auch wenn Sie nicht der aufgeschlossenste Mensch sind und sich nicht sehr f\u00fcr die Eigenwerbung interessieren, Ihre Arbeit wird f\u00fcr sich selbst sprechen und die Leute werden es wissen wen sie anrufen k\u00f6nnen, wenn sie Hilfe oder Rat brauchen, und das funktioniert in beide Richtungen.&nbsp;<\/p>\n\n\n\n<p>Wenn Sie von zu Hause aus arbeiten und Freiberufler sind, kann es etwas unangenehm sein, wenn ein Kunde nach einem Treffen in Ihrem B\u00fcro fragt.<\/p>\n\n\n<ul class=\"wp-block-latest-posts__list wp-block-latest-posts\"><li><a class=\"wp-block-latest-posts__post-title\" href=\"https:\/\/coworking-unterkollegen.de\/index.php\/2022\/09\/03\/wie-man-an-seiner-eigenen-persoenlichkeitsentwicklung-arbeiten-kann\/\">Wie man an seiner eigenen Pers\u00f6nlichkeitsentwicklung arbeiten kann<\/a><div class=\"wp-block-latest-posts__post-excerpt\">Wir sprechen oft \u00fcber unsere Pers\u00f6nlichkeit: Wie gut ist sie? Habe ich \u00fcberhaupt eine Pers\u00f6nlichkeit? und solche Dinge. In dieser Zeit sind wir alle besorgt dar\u00fcber, wie wir uns pr\u00e4sentieren und dass wir von allen gemocht werden sollten. Aber nur eine Pers\u00f6nlichkeit&hellip;<\/div><\/li>\n<li><a class=\"wp-block-latest-posts__post-title\" href=\"https:\/\/coworking-unterkollegen.de\/index.php\/2022\/09\/03\/was-man-zum-laden-mit-einer-wallbox-11kw-wissen-sollte\/\">Was man zum Laden mit einer Wallbox 11kW wissen sollte<\/a><div class=\"wp-block-latest-posts__post-excerpt\">Wie viele Besitzer von Elektrofahrzeugen erkannt haben, ist der beste Ort zum Aufladen eines Elektrofahrzeugs zu Hause. Wenn Sie eine Ladestation in Ihrer Garage haben, m\u00fcssen Sie nur daran denken, sie anzuschlie\u00dfen, wenn Sie nach Hause kommen. Sie k\u00f6nnten mit einer vollen&hellip;<\/div><\/li>\n<li><a class=\"wp-block-latest-posts__post-title\" href=\"https:\/\/coworking-unterkollegen.de\/index.php\/2022\/01\/13\/perfekter-sattel-fuer-pferd-oder-pony\/\">So findest du den perfekten Sattel f\u00fcr dein Pferd oder dein Pony<\/a><div class=\"wp-block-latest-posts__post-excerpt\">Den richtigen Sattel f\u00fcr Pferd und Reiter zu finden, kann oft ein verwirrender Prozess von Versuch und Irrtum sein. Wohin soll man gehen? Woher wissen Sie, welche Art von Sattel am besten zu Ihnen passt? Selbst ein &#8222;billiger&#8220; Sattel ist eine Menge&hellip;<\/div><\/li>\n<li><a class=\"wp-block-latest-posts__post-title\" href=\"https:\/\/coworking-unterkollegen.de\/index.php\/2022\/01\/06\/die-vorteile-von-einem-drehmomentschluessel\/\">Die Vorteile von einem Drehmomentschl\u00fcssel<\/a><div class=\"wp-block-latest-posts__post-excerpt\"><\/div><\/li>\n<li><a class=\"wp-block-latest-posts__post-title\" href=\"https:\/\/coworking-unterkollegen.de\/index.php\/2021\/12\/18\/auf-was-muss-man-achten-wenn-man-ein-fertighaus-aus-polen-kauft\/\">Auf was muss man achten, wenn man ein Fertighaus aus Polen kauft?<\/a><div class=\"wp-block-latest-posts__post-excerpt\">Der Bau eines Fertighauses aus Polen beginnt lange bevor das Fundament gegossen wird. Der Bauprozess ist am effizientesten und spannendsten, wenn Sie zun\u00e4chst einen guten Plan entwickeln und einen ehrlichen, kompetenten Bauunternehmer finden.<\/div><\/li>\n<li><a class=\"wp-block-latest-posts__post-title\" href=\"https:\/\/coworking-unterkollegen.de\/index.php\/2021\/12\/17\/gebrauchte-gabelstapler-kommen-zum-einsatz-im-coworking-space\/\">Gebrauchte Gabelstapler kommen zum Einsatz im Coworking Space<\/a><div class=\"wp-block-latest-posts__post-excerpt\">Wer einen eigenen Coworking Space berichten m\u00f6chte, der muss auf Arbeitsmaterialien zur\u00fcckgreifen, die ihm die Arbeit erleichtern. Allen voran macht es Sinn, sich einen gebrauchten Gabelstapler zu besorgen, denn M\u00f6bel im Coworking Space k\u00f6nnen mit einem Stapler einfach an die richtige Stelle&hellip;<\/div><\/li>\n<li><a class=\"wp-block-latest-posts__post-title\" href=\"https:\/\/coworking-unterkollegen.de\/index.php\/2021\/12\/16\/so-verkauft-man-sein-defektes-auto\/\">So verkauft man sein defektes Auto<\/a><div class=\"wp-block-latest-posts__post-excerpt\">Im Grunde ist der Prozess f\u00fcr den Verkauf eines defekten Autos bei jedem Anbieter \u00e4hnlich. Hier die ersten Proben Stichpunkte, was vom Verk\u00e4ufer eines defekten Autos verlangt wird. Fordern Sie ein Angebot f\u00fcr Ihr Auto geben Sie die Details Ihres Fahrzeugs \u00fcber&hellip;<\/div><\/li>\n<li><a class=\"wp-block-latest-posts__post-title\" href=\"https:\/\/coworking-unterkollegen.de\/index.php\/2021\/12\/15\/so-findet-man-das-beste-teleskop-fuer-anfaenger\/\">So findet man das beste Teleskop f\u00fcr Anf\u00e4nger<\/a><div class=\"wp-block-latest-posts__post-excerpt\">Hier geht es um das beste Teleskop f\u00fcr Anf\u00e4nger. Deshalb lassen Sie uns hier nun alles zusammenbringen \u2013 Typ, Spezifikationen, Marke \u2013 um herauszufinden, welches Teleskop das beste f\u00fcr Anf\u00e4nger ist.<\/div><\/li>\n<li><a class=\"wp-block-latest-posts__post-title\" href=\"https:\/\/coworking-unterkollegen.de\/index.php\/2021\/12\/13\/wieso-styropor-stuckleisten-einen-coworking-space-verbessern-koennen\/\">Wieso Styropor Stuckleisten einen Coworking Space verbessern k\u00f6nnen<\/a><div class=\"wp-block-latest-posts__post-excerpt\">Styropor Stuckleisten wurden traditionell auf sehr einfache Weise verwendet, aber dies hat sich ge\u00e4ndert, um eine Vielzahl von Designs zu schaffen, die zu jedem Hausstil passen. Egal, ob Sie ein schlichtes Basishaus haben, das besser aussehen soll, oder ein vorgegebenes Design im&hellip;<\/div><\/li>\n<li><a class=\"wp-block-latest-posts__post-title\" href=\"https:\/\/coworking-unterkollegen.de\/index.php\/2021\/12\/13\/die-wertvolle-kraft-von-rosenwasser\/\">Die wertvolle Kraft von Rosenwasser<\/a><div class=\"wp-block-latest-posts__post-excerpt\">Rosenwasser wird seit Jahrhunderten in nat\u00fcrlichen Hautpflege- und Sch\u00f6nheitsprodukten, Parf\u00fcms, Haushaltsreinigern und sogar in der K\u00fcche verwendet. Laut Dermatologen kann Rosenwasser aufgrund seiner nat\u00fcrlichen antioxidativen, antimikrobiellen und entz\u00fcndungshemmenden Eigenschaften einen wertvollen Beitrag zu Ihrer Hautpflege- und Sch\u00f6nheitsroutine leisten.<\/div><\/li>\n<li><a class=\"wp-block-latest-posts__post-title\" href=\"https:\/\/coworking-unterkollegen.de\/index.php\/2021\/12\/11\/wenn-hersteller-von-reithelm-fuer-kinder-in-einem-coworking-space-arbeiten\/\">Wenn Hersteller von Reithelm f\u00fcr Kinder in einem Coworking Space arbeiten<\/a><div class=\"wp-block-latest-posts__post-excerpt\">Ein Reithelm Kinder ist beim Reiten unverzichtbar &#8211; unabh\u00e4ngig von Ihrem Niveau oder Ihrer Disziplin. Die Auswahl der besten Reitm\u00fctzen f\u00fcr Ihre Bed\u00fcrfnisse hilft Ihnen nicht nur dabei, Kopfverletzungen zu vermeiden, sondern erm\u00f6glicht es Ihnen auch, in der von Ihnen gew\u00e4hlten Disziplin&hellip;<\/div><\/li>\n<\/ul>\n\n\n<figure class=\"wp-block-embed is-type-video is-provider-youtube wp-block-embed-youtube wp-embed-aspect-16-9 wp-has-aspect-ratio\"><div class=\"wp-block-embed__wrapper\">\n<div class=\"video\"><iframe loading=\"lazy\" title=\"Coworking Space als Gesch\u00e4ftsmodell BR Reportage\" width=\"640\" height=\"360\" src=\"https:\/\/www.youtube.com\/embed\/_WZFPfF-MCs?feature=oembed\" frameborder=\"0\" allow=\"accelerometer; autoplay; clipboard-write; encrypted-media; gyroscope; picture-in-picture; web-share\" referrerpolicy=\"strict-origin-when-cross-origin\" allowfullscreen><\/iframe><\/div>\n<\/div><\/figure>\n","protected":false},"excerpt":{"rendered":"<p>Es gibt viele nachgewiesene Vorteile von Coworking, sei es innerhalb eines Unternehmens oder in einem gemeinsamen Raum, in dem viele Unternehmer und Unternehmen zusammenkommen, um an ihren unabh\u00e4ngigen Zielen zu arbeiten. Gesch\u00e4fte werden heute ganz anders gef\u00fchrt als in den vergangenen Jahrzehnten. Der Aufstieg des Internets war ein gro\u00dfer Paradigmenwechsel, aber die Art und Weise, wie wir arbeiten und die Orte, an denen wir arbeiten, haben nicht immer Schritt gehalten. Trotz des Wandels passen sich gr\u00f6\u00dfere Firmen immer noch nur&hellip;<\/p>\n","protected":false},"author":1,"featured_media":0,"parent":0,"menu_order":0,"comment_status":"closed","ping_status":"closed","template":"","meta":{"om_disable_all_campaigns":false,"_monsterinsights_skip_tracking":false,"_monsterinsights_sitenote_active":false,"_monsterinsights_sitenote_note":"","_monsterinsights_sitenote_category":0,"footnotes":""},"class_list":["post-8","page","type-page","status-publish","hentry"],"_links":{"self":[{"href":"https:\/\/coworking-unterkollegen.de\/index.php\/wp-json\/wp\/v2\/pages\/8","targetHints":{"allow":["GET"]}}],"collection":[{"href":"https:\/\/coworking-unterkollegen.de\/index.php\/wp-json\/wp\/v2\/pages"}],"about":[{"href":"https:\/\/coworking-unterkollegen.de\/index.php\/wp-json\/wp\/v2\/types\/page"}],"author":[{"embeddable":true,"href":"https:\/\/coworking-unterkollegen.de\/index.php\/wp-json\/wp\/v2\/users\/1"}],"replies":[{"embeddable":true,"href":"https:\/\/coworking-unterkollegen.de\/index.php\/wp-json\/wp\/v2\/comments?post=8"}],"version-history":[{"count":3,"href":"https:\/\/coworking-unterkollegen.de\/index.php\/wp-json\/wp\/v2\/pages\/8\/revisions"}],"predecessor-version":[{"id":57,"href":"https:\/\/coworking-unterkollegen.de\/index.php\/wp-json\/wp\/v2\/pages\/8\/revisions\/57"}],"wp:attachment":[{"href":"https:\/\/coworking-unterkollegen.de\/index.php\/wp-json\/wp\/v2\/media?parent=8"}],"curies":[{"name":"wp","href":"https:\/\/api.w.org\/{rel}","templated":true}]}}